{"id":309,"date":"2026-02-06T12:39:33","date_gmt":"2026-02-06T12:39:33","guid":{"rendered":"https:\/\/scinnov.fr\/?page_id=309"},"modified":"2026-02-10T18:21:18","modified_gmt":"2026-02-10T18:21:18","slug":"offres","status":"publish","type":"page","link":"https:\/\/scinnov.fr\/index.php\/offres\/","title":{"rendered":"Nos offres"},"content":{"rendered":"\n<div class=\"wp-block-group is-layout-flow wp-container-core-group-is-layout-c43c6636 wp-block-group-is-layout-flow\" style=\"padding-right:0;padding-left:0\">\n<div class=\"wp-block-columns is-layout-flex wp-container-core-columns-is-layout-8b20bc0c wp-block-columns-is-layout-flex\" style=\"margin-top:0;margin-bottom:0;padding-right:var(--wp--preset--spacing--50);padding-left:var(--wp--preset--spacing--50)\">\n<div class=\"wp-block-column is-layout-flow wp-block-column-is-layout-flow\">\n<figure class=\"wp-block-image size-medium\" style=\"margin-right:0;margin-left:0\"><img loading=\"lazy\" decoding=\"async\" width=\"300\" height=\"117\" src=\"https:\/\/scinnov.fr\/wp-content\/uploads\/2026\/02\/scinov_lab-300x117.png\" alt=\"\" class=\"wp-image-55\" srcset=\"https:\/\/scinnov.fr\/wp-content\/uploads\/2026\/02\/scinov_lab-300x117.png 300w, https:\/\/scinnov.fr\/wp-content\/uploads\/2026\/02\/scinov_lab.png 647w\" sizes=\"auto, (max-width: 300px) 100vw, 300px\" \/><\/figure>\n\n\n\n<p class=\"has-poppins-font-family\">POUR <strong>CR\u00c9ER<\/strong> ET <strong>FORMULER <\/strong>VOS <strong>INNOVATIONS ALIMENTAIRE<\/strong>S INDUSTRIALISABLES.<\/p>\n\n\n\n<p>Notre \u00e9quipe d&#8217;<strong>experts <\/strong>chevronn\u00e9s travaille en \u00e9troite <strong>collaboration avec vous<\/strong> pour d\u00e9velopper des recettes uniques, tout en prenant en compte les aspects pratiques de la production \u00e0 grande \u00e9chelle. Nous \u0153uvrons pour que vos <strong>id\u00e9es novatrices <\/strong>puissent \u00eatre <strong>concr\u00e9tis\u00e9es <\/strong>dans des produits finis, <strong>gustatifs<\/strong>, r\u00e9pondant \u00e0 votre <strong>cahier des charges<\/strong> et pr\u00eats \u00e0 \u00eatre lanc\u00e9s sur le <strong>march\u00e9<\/strong>.<\/p>\n\n\n\n<figure class=\"wp-block-image size-medium\"><img loading=\"lazy\" decoding=\"async\" width=\"300\" height=\"266\" src=\"https:\/\/scinnov.fr\/wp-content\/uploads\/2026\/02\/creation-300x266.png\" alt=\"\" class=\"wp-image-59\" srcset=\"https:\/\/scinnov.fr\/wp-content\/uploads\/2026\/02\/creation-300x266.png 300w, https:\/\/scinnov.fr\/wp-content\/uploads\/2026\/02\/creation.png 511w\" sizes=\"auto, (max-width: 300px) 100vw, 300px\" \/><\/figure>\n<\/div>\n\n\n\n<div class=\"wp-block-column is-layout-flow wp-block-column-is-layout-flow\">\n<figure class=\"wp-block-image size-medium\"><img loading=\"lazy\" decoding=\"async\" width=\"300\" height=\"117\" src=\"https:\/\/scinnov.fr\/wp-content\/uploads\/2026\/02\/scinov_studio-300x117.png\" alt=\"\" class=\"wp-image-57\" srcset=\"https:\/\/scinnov.fr\/wp-content\/uploads\/2026\/02\/scinov_studio-300x117.png 300w, https:\/\/scinnov.fr\/wp-content\/uploads\/2026\/02\/scinov_studio.png 647w\" sizes=\"auto, (max-width: 300px) 100vw, 300px\" \/><\/figure>\n\n\n\n<p>POUR <strong>CONFORTER L&#8217;INT\u00c9R\u00caT DU MARCH\u00c9<\/strong> POUR VOS <strong>PRODUITS INNOVANTS<\/strong>.<\/p>\n\n\n\n<p>Avec Scinnov Studio, nous r\u00e9alisons des <strong>prototypes<\/strong> et les soumettons \u00e0 diff\u00e9rents <strong>tests aupr\u00e8s des consommateurs<\/strong>. Ces tests peuvent aller jusqu&#8217;\u00e0 des <strong>actes d&#8217;achat r\u00e9els<\/strong>, permettant ainsi une <strong>\u00e9valuation concr\u00e8t<\/strong>e de la r\u00e9ception de vos produits sur le march\u00e9. Cette approche ax\u00e9e consommateurs vous assure de la <strong>viabilit\u00e9<\/strong> et de l&#8217;<strong>attrait<\/strong> pour vos produits avant leur <strong>lancement officiel<\/strong>.<\/p>\n\n\n\n<figure class=\"wp-block-image size-medium\"><img loading=\"lazy\" decoding=\"async\" width=\"300\" height=\"264\" src=\"https:\/\/scinnov.fr\/wp-content\/uploads\/2026\/02\/go_nogo-300x264.png\" alt=\"\" class=\"wp-image-60\" srcset=\"https:\/\/scinnov.fr\/wp-content\/uploads\/2026\/02\/go_nogo-300x264.png 300w, https:\/\/scinnov.fr\/wp-content\/uploads\/2026\/02\/go_nogo.png 506w\" sizes=\"auto, (max-width: 300px) 100vw, 300px\" \/><\/figure>\n<\/div>\n\n\n\n<div class=\"wp-block-column is-layout-flow wp-block-column-is-layout-flow\">\n<figure class=\"wp-block-image size-medium\"><img loading=\"lazy\" decoding=\"async\" width=\"300\" height=\"117\" src=\"https:\/\/scinnov.fr\/wp-content\/uploads\/2026\/02\/scinov_prod-300x117.png\" alt=\"\" class=\"wp-image-56\" srcset=\"https:\/\/scinnov.fr\/wp-content\/uploads\/2026\/02\/scinov_prod-300x117.png 300w, https:\/\/scinnov.fr\/wp-content\/uploads\/2026\/02\/scinov_prod.png 647w\" sizes=\"auto, (max-width: 300px) 100vw, 300px\" \/><\/figure>\n\n\n\n<p>POUR <strong>S\u00c9CURISER<\/strong> LA TRANSITION VERS UNE <strong>PRODUCTION<\/strong> \u00c0 <strong>GRANDE \u00c9CHELLE<\/strong>.<\/p>\n\n\n\n<p>Scinnov Prod vous propose la <strong>fabrication de petites s\u00e9ries<\/strong> et la <strong>recherche de copackers<\/strong>. Cela vous permet de <strong>tester vos prototypes et produits<\/strong> en conditions r\u00e9elles, \u00e9valuant ainsi leurs performances avant un passage \u00e0 une \u00e9chelle sup\u00e9rieure. Cette <strong>approche proactive <\/strong>garantit une adaptation ais\u00e9e tout en <strong>minimisant les risques li\u00e9s au changement d&#8217;\u00e9chelle<\/strong>.<\/p>\n\n\n\n<figure class=\"wp-block-image size-medium\"><img loading=\"lazy\" decoding=\"async\" width=\"300\" height=\"266\" src=\"https:\/\/scinnov.fr\/wp-content\/uploads\/2026\/02\/produire-300x266.png\" alt=\"\" class=\"wp-image-61\" srcset=\"https:\/\/scinnov.fr\/wp-content\/uploads\/2026\/02\/produire-300x266.png 300w, https:\/\/scinnov.fr\/wp-content\/uploads\/2026\/02\/produire.png 511w\" sizes=\"auto, (max-width: 300px) 100vw, 300px\" \/><\/figure>\n<\/div>\n<\/div>\n<\/div>\n","protected":false},"excerpt":{"rendered":"<p>POUR CR\u00c9ER ET FORMULER VOS INNOVATIONS ALIMENTAIRES INDUSTRIALISABLES. Notre \u00e9quipe d&#8217;experts chevronn\u00e9s travaille en \u00e9troite collaboration avec vous pour d\u00e9velopper des recettes uniques, tout en prenant en compte les aspects pratiques de la production \u00e0 grande \u00e9chelle. Nous \u0153uvrons pour que vos id\u00e9es novatrices puissent \u00eatre concr\u00e9tis\u00e9es dans des produits finis, gustatifs, r\u00e9pondant \u00e0 votre [&hellip;]<\/p>\n","protected":false},"author":1,"featured_media":0,"parent":0,"menu_order":0,"comment_status":"closed","ping_status":"closed","template":"","meta":{"footnotes":""},"class_list":["post-309","page","type-page","status-publish","hentry"],"_links":{"self":[{"href":"https:\/\/scinnov.fr\/index.php\/wp-json\/wp\/v2\/pages\/309","targetHints":{"allow":["GET"]}}],"collection":[{"href":"https:\/\/scinnov.fr\/index.php\/wp-json\/wp\/v2\/pages"}],"about":[{"href":"https:\/\/scinnov.fr\/index.php\/wp-json\/wp\/v2\/types\/page"}],"author":[{"embeddable":true,"href":"https:\/\/scinnov.fr\/index.php\/wp-json\/wp\/v2\/users\/1"}],"replies":[{"embeddable":true,"href":"https:\/\/scinnov.fr\/index.php\/wp-json\/wp\/v2\/comments?post=309"}],"version-history":[{"count":78,"href":"https:\/\/scinnov.fr\/index.php\/wp-json\/wp\/v2\/pages\/309\/revisions"}],"predecessor-version":[{"id":698,"href":"https:\/\/scinnov.fr\/index.php\/wp-json\/wp\/v2\/pages\/309\/revisions\/698"}],"wp:attachment":[{"href":"https:\/\/scinnov.fr\/index.php\/wp-json\/wp\/v2\/media?parent=309"}],"curies":[{"name":"wp","href":"https:\/\/api.w.org\/{rel}","templated":true}]}}